{"id":540,"date":"2020-01-02T23:00:47","date_gmt":"2020-01-02T22:00:47","guid":{"rendered":"http:\/\/almariya.com\/index.php\/mesmerize\/"},"modified":"2023-04-10T23:27:29","modified_gmt":"2023-04-10T21:27:29","slug":"mesmerize","status":"publish","type":"page","link":"https:\/\/almariya.com\/","title":{"rendered":"Front Page"},"content":{"rendered":"<div  data-label=\"About\" data-id=\"about--1\" data-export-id=\"about-9\" data-category=\"about\" class=\"about-9 content-section content-section-spacing\" id=\"almariya\" style=\"background-color: rgb(255, 255, 255); background-image: none;\"><div  class=\"gridContainer\"> <div  class=\"row middle-sm text-center\"><div  class=\"col-sm-5 space-bottom-xs content-column content-center-sm\" data-type=\"column\"> <h1  class=\"\">&nbsp;<\/h1><h5  class=\"\">ALMARIYA<\/h5> <h2  class=\"\">La culminaci\u00f3n perfecta a la gastronom\u00eda de Almer\u00eda<\/h2> <p  class=\"\">Hace alg\u00fan tiempo pedimos a nuestros maestros licoreros que elaboraran un licor que fuera la culminaci\u00f3n perfecta a la gastronom\u00eda de Almer\u00eda.  Deja descubrirlo a tu paladar.<\/p> <img decoding=\"async\"  alt=\"\" title=\"almariya botellas\" data-src=\"https:\/\/almariya.com\/wp-content\/uploads\/2020\/01\/almariya-botellas.gif\" class=\"custom-image lazyloaded\" src=\"https:\/\/almariya.com\/wp-content\/uploads\/2020\/01\/almariya-botellas.gif\" loading=\"lazy\"><\/div> <div  class=\"col-sm-7 flexbox flexbox middle-xs center-xs space-bottom-xs\"><div  class=\"overlay-box flexbox middle-xs center-xs overlay-holder \"> <div  class=\"overlay-box-offset shadow-medium bg-color2 hide-xs offset-background\"><\/div> <img decoding=\"async\"  data-size=\"600x400\" alt=\"\" title=\"almariya logo flor\" data-src=\"https:\/\/almariya.com\/wp-content\/uploads\/2020\/01\/almariya-logo-flor.jpg\" class=\"flexbox shadow-large img1 lazyloaded\" src=\"https:\/\/almariya.com\/wp-content\/uploads\/2020\/01\/almariya-logo-flor.jpg\" loading=\"lazy\"><\/div> <\/div><\/div> <\/div><\/div><div  data-label=\"About\" data-id=\"about--2\" data-export-id=\"about-4\" data-category=\"about\" class=\"about-4 content-section content-section-spacing\" id=\"about-1\" style=\"background-color: rgb(255, 255, 255); background-image: none;\"><div  class=\"gridContainer\"> <div  class=\"row middle-sm text-center\"><div  class=\"col-sm-5 space-bottom-xs\" data-type=\"column\"> <img decoding=\"async\"  alt=\"\" title=\"almariya logo text\" data-src=\"https:\/\/almariya.com\/wp-content\/uploads\/2020\/01\/almariya-logo-text.jpg\" class=\"custom-image lazyloaded\" src=\"https:\/\/almariya.com\/wp-content\/uploads\/2020\/01\/almariya-logo-text.jpg\" loading=\"lazy\"><h5  class=\"\">CUANDO ALMER\u00cdA ERA ALMARIYYA<\/h5>  <p  class=\"\">Fundada en 955 d.C., Almer\u00eda se llamaba Al-Mariyyat Bayyana.&nbsp; Tom\u00f3 su nombre de una atalaya que vigilaba la zona mar\u00edtima de Bayyana.&nbsp; Al-Miraya significa en arabe \u00abmirador\u00bb o \u00abtorre vig\u00eda\u00bb.&nbsp; La torre se situaba bajo el cerro donde ahora se situa la Alcazaba.\n\n<br >Por eso, la Alcazaba, como tesoro y s\u00edmbolo de nuestra Almer\u00eda actual, ha dado la imagen a ALMARIYA, el sabor de Almer\u00eda.<\/p> <\/div> <div  class=\"col-sm-7 flexbox center-xs middle-xs image-group-2-img\"> <img decoding=\"async\"  data-size=\"250x200\" alt=\"\" title=\"cropped-almariya-logo-6.png\" data-src=\"https:\/\/almariya.com\/wp-content\/uploads\/2020\/01\/cropped-almariya-logo-6.png\" class=\"img-1 shadow-large lazyloaded\" src=\"https:\/\/almariya.com\/wp-content\/uploads\/2020\/01\/cropped-almariya-logo-6.png\" loading=\"lazy\"> <img decoding=\"async\"  data-size=\"220x170\" alt=\"\" title=\"cropped-alcazaba-almariya-1-3.jpg\" data-src=\"https:\/\/almariya.com\/wp-content\/uploads\/2020\/01\/cropped-alcazaba-almariya-1-3.jpg\" class=\"img-2 shadow-large lazyloaded\" src=\"https:\/\/almariya.com\/wp-content\/uploads\/2020\/01\/cropped-alcazaba-almariya-1-3.jpg\" loading=\"lazy\"><\/div> <\/div><\/div> <\/div><div  data-label=\"Content\" data-id=\"content--2\" data-export-id=\"content-12\" data-category=\"content\" class=\"content-12 content-section content-section-spacing\" id=\"content-2\" style=\"background-color: rgb(255, 255, 255);\"><div  class=\"gridContainer\"> <div  class=\"row text-center\"><div  class=\"section-title-col\" data-type=\"column\"><img decoding=\"async\"  alt=\"\" title=\"almariya alcazaba transp\" data-src=\"https:\/\/almariya.com\/wp-content\/uploads\/2020\/01\/almariya-alcazaba-transp.gif\" class=\"custom-image lazyloaded\" src=\"https:\/\/almariya.com\/wp-content\/uploads\/2020\/01\/almariya-alcazaba-transp.gif\" loading=\"lazy\">  <\/div> <\/div> <div  class=\"row center-xs middle-xs\"> <div  class=\"col-sm-9\" data-type=\"column\"> <h2  class=\"\" style=\"margin-bottom: 16px; \/* outline: rgb(204, 204, 204) solid 1px;\">ALMARIYA \u2013 el Sabor de Almer\u00eda<\/h2><img decoding=\"async\"  alt=\"\" title=\"cropped-almariya_fotomontaje-e1578053481529-2.jpg\" data-src=\"https:\/\/almariya.com\/wp-content\/uploads\/2020\/01\/cropped-almariya_fotomontaje-e1578053481529-2.jpg\" class=\"shadow-large lazyloaded\" src=\"https:\/\/almariya.com\/wp-content\/uploads\/2020\/01\/cropped-almariya_fotomontaje-e1578053481529-2.jpg\" loading=\"lazy\"><\/div> <\/div><\/div> <\/div><div  data-label=\"Overlappable\" data-id=\"overlappable--1\" data-export-id=\"overlappable-4\" data-category=\"overlappable\" class=\"overlappable-4 content-section content-section-spacing\" data-overlap=\"true\" id=\"overlappable-1\" style=\"background-color: rgb(255, 255, 255);\"><div  class=\"gridContainer\"> <div  data-type=\"row\" class=\"row spaced-cols text-center\"><div  class=\"col-xs-12 col-sm-4 col-padding\"> <i  class=\"fa icon shadow-large-black aligncenter color1 fa-address-card reverse round\"><\/i> <div  data-type=\"column\" class=\"\"> <h5  class=\"\">QUIENES SOMOS<\/h5> <a data-cp-link=\"1\" href=\"#\" class=\"\" target=\"_self\" rel=\"noopener noreferrer\"><img decoding=\"async\"  alt=\"\" title=\"Estrellaindalfull\" data-src=\"https:\/\/almariya.com\/wp-content\/uploads\/2020\/01\/Estrellaindalfull-e1578052999726.jpg\" class=\"custom-image lazyloaded\" src=\"https:\/\/estrellaindal.es\" loading=\"lazy\"><\/a><p  class=\"\">ALMARIYA es una marca registrada de Estrella Indal Services SA.&nbsp; Somos amantes del sabor de Almer\u00eda.<\/p><a data-cp-link=\"1\" href=\"https:\/\/estrellaindal.es\" class=\"\" target=\"_blank\" rel=\"noopener noreferrer\"><img decoding=\"async\"  alt=\"\" title=\"cropped-Estrellaindalfull-e1578052999726.jpg\" data-src=\"https:\/\/almariya.com\/wp-content\/uploads\/2020\/01\/cropped-Estrellaindalfull-e1578052999726.jpg\" class=\"custom-image ls-is-cached lazyloaded\" src=\"https:\/\/almariya.com\/wp-content\/uploads\/2020\/01\/cropped-Estrellaindalfull-e1578052999726.jpg\" loading=\"lazy\"><\/a><\/div> <\/div> <div  class=\"col-xs-12 col-sm-4 col-padding\"> <i  class=\"fa icon shadow-large-black aligncenter color1 fa-heart-o reverse round\"><\/i> <div  data-type=\"column\" class=\"\"><h5  class=\"\">BEBE RESPONSABLEMENTE. \n<br >DISFRUTA M\u00c1S.<\/h5> <p  class=\"\">Prohibida la venta a menores de 18 a\u00f1os. 32% Alc. Vol.  Consume con moderaci\u00f3n.  Si bebes, no conduzcas.<\/p><img decoding=\"async\"  alt=\"\" title=\"cropped-vaso-chupito-Almariya-e1578053823222-1.jpg\" data-src=\"https:\/\/almariya.com\/wp-content\/uploads\/2020\/01\/cropped-vaso-chupito-Almariya-e1578053823222-1.jpg\" class=\"custom-image lazyloaded\" src=\"https:\/\/almariya.com\/wp-content\/uploads\/2020\/01\/cropped-vaso-chupito-Almariya-e1578053823222-1.jpg\" loading=\"lazy\"><\/div> <\/div> <div  class=\"col-xs-12 col-sm-4 col-padding\"> <i  class=\"fa icon shadow-large-black aligncenter color1 fa-handshake-o reverse round\"><\/i> <div  data-type=\"column\" class=\"\"><h5  class=\"\">\u00bfQUIERES ALMARIYA?<\/h5> <p  class=\"\">\u00bfQuieres ofrecer ALMARIYA a tus clientes? Cont\u00e1ctanos!<\/p><a class=\"button blue\" href=\"#contact-2\" target=\"_self\" data-cp-link=\"1\" rel=\"noopener noreferrer\">CONT\u00c1CTANOS<\/a><\/div> <\/div><\/div> <\/div><\/div><div  data-label=\"Contact\" data-id=\"contact--1\" data-export-id=\"contact-1\" data-category=\"contact\" class=\"contact-1 content-section content-section-spacing white-text\" data-parallax-depth=\"20\" id=\"contact-2\" style=\"background-color: rgb(245, 250, 253); background-image: url(&quot;https:\/\/almariya.com\/wp-content\/uploads\/2020\/01\/almariya-botellas.gif&quot;); background-size: cover; background-position: center top;\"><div  class=\"gridContainer\"> <div  class=\"row text-center\"><div  class=\"section-title-col\" data-type=\"column\"> <h2  class=\"\">Preg\u00fantanos<\/h2> <\/div> <\/div> <div  class=\"row text-center\"> <div  class=\"col-xs-12 col-sm-8 col-sm-offset-2 contact-form-wrapper inline-info\"> <div  class=\"card large-padding\"> <div  class=\"\" data-content-shortcode=\"mesmerize_contact_form shortcode=&quot;ninja_forms id=2&quot;\" data-editable=\"true\"><noscript class=\"ninja-forms-noscript-message\">\n\tAviso: Se requiere JavaScript para este contenido.<\/noscript>\n<div id=\"nf-form-2-cont\" class=\"nf-form-cont\" aria-live=\"polite\" aria-labelledby=\"nf-form-title-2\" aria-describedby=\"nf-form-errors-2\" role=\"form\">\n\n    <div class=\"nf-loading-spinner\"><\/div>\n\n<\/div>\n        <!-- That data is being printed as a workaround to page builders reordering the order of the scripts loaded-->\n        <script>var formDisplay=1;var nfForms=nfForms||[];var form=[];form.id='2';form.settings={\"objectType\":\"Form Setting\",\"editActive\":true,\"date_updated\":\"2020-01-03\",\"show_title\":\"0\",\"save_subs\":\"1\",\"logged_in\":\"0\",\"append_page\":\"\",\"ajax\":\"0\",\"clear_complete\":0,\"hide_complete\":\"1\",\"success_msg\":\"Your form has been successfully submitted.\",\"email_from\":\"\",\"email_type\":\"html\",\"user_email_msg\":\"Thank you so much for contacting us. We will get back to you shortly.\",\"user_email_fields\":\"0\",\"admin_email_msg\":\"\",\"admin_email_fields\":\"1\",\"admin_attach_csv\":\"0\",\"email_from_name\":\"\",\"title\":\"Contact Form\",\"allow_public_link\":0,\"embed_form\":\"\",\"default_label_pos\":\"above\",\"wrapper_class\":\"\",\"element_class\":\"\",\"key\":\"\",\"add_submit\":1,\"changeEmailErrorMsg\":\"Introduce una direcci\\u00f3n de correo electr\\u00f3nico v\\u00e1lida.\",\"changeDateErrorMsg\":\"\\u00a1Introduce una fecha v\\u00e1lida!\",\"confirmFieldErrorMsg\":\"Estos campos deben coincidir.\",\"fieldNumberNumMinError\":\"Error de n\\u00famero m\\u00ednimo\",\"fieldNumberNumMaxError\":\"Error de n\\u00famero m\\u00e1ximo\",\"fieldNumberIncrementBy\":\"Increm\\u00e9ntalo por \",\"formErrorsCorrectErrors\":\"Corrige los errores antes de enviar este formulario.\",\"validateRequiredField\":\"Esto es un campo obligatorio.\",\"honeypotHoneypotError\":\"Error de Honeypot\",\"fieldsMarkedRequired\":\"Los campos marcados con <span class=\\\"ninja-forms-req-symbol\\\">*<\\\/span> son obligatorios\",\"currency\":\"\",\"unique_field_error\":\"Ya se ha enviado un formulario con este valor.\",\"not_logged_in_msg\":\"\",\"sub_limit_msg\":\"Has alcanzado el l\\u00edmite de env\\u00edos en el formulario.\",\"calculations\":[],\"formContentData\":[\"nombre_1700998914343\",\"email_1578070504417\",\"mensaje_1700998925319\",\"envia_1578070155580\"],\"drawerDisabled\":false,\"unique_field\":\"\",\"form_title_heading_level\":\"3\",\"ninjaForms\":\"Ninja Forms\",\"fieldTextareaRTEInsertLink\":\"Insertar enlace\",\"fieldTextareaRTEInsertMedia\":\"Insertar medios\",\"fieldTextareaRTESelectAFile\":\"Seleccione un archivo\",\"formHoneypot\":\"Si eres un ser humano y est\\u00e1s viendo este campo, por favor d\\u00e9jalo vac\\u00edo.\",\"fileUploadOldCodeFileUploadInProgress\":\"Subida de archivo en curso.\",\"fileUploadOldCodeFileUpload\":\"SUBIDA DE ARCHIVO\",\"currencySymbol\":\"$\",\"thousands_sep\":\".\",\"decimal_point\":\",\",\"siteLocale\":\"es_ES\",\"dateFormat\":\"m\\\/d\\\/Y\",\"startOfWeek\":\"1\",\"of\":\"de\",\"previousMonth\":\"Mes anterior\",\"nextMonth\":\"Pr\\u00f3ximo mes\",\"months\":[\"Enero\",\"Febrero\",\"Marzo\",\"Abril\",\"Mayo\",\"Junio\",\"Julio\",\"Agosto\",\"Septiembre\",\"Octubre\",\"Noviembre\",\"Diciembre\"],\"monthsShort\":[\"Ene\",\"Feb\",\"Mar\",\"Abr\",\"Mayo\",\"Jun\",\"Jul\",\"Ago\",\"Sep\",\"Oct\",\"Nov\",\"Dic\"],\"weekdays\":[\"Domingo\",\"Lunes\",\"Martes\",\"Mi\\u00e9rcoles\",\"Jueves\",\"Viernes\",\"S\\u00e1bado\"],\"weekdaysShort\":[\"Dom\",\"Lun\",\"Mar\",\"Mi\\u00e9\",\"Jue\",\"Vie\",\"S\\u00e1b\"],\"weekdaysMin\":[\"Do\",\"Lu\",\"Ma\",\"Mi\",\"Ju\",\"Vi\",\"S\\u00e1\"],\"recaptchaConsentMissing\":\"reCaptcha validation couldn&#039;t load.\",\"recaptchaMissingCookie\":\"reCaptcha v3 validation couldn&#039;t load the cookie needed to submit the form.\",\"recaptchaConsentEvent\":\"Accept reCaptcha cookies before sending the form.\",\"currency_symbol\":\"\",\"beforeForm\":\"\",\"beforeFields\":\"\",\"afterFields\":\"\",\"afterForm\":\"\"};form.fields=[{\"objectType\":\"Field\",\"objectDomain\":\"fields\",\"editActive\":false,\"order\":1,\"idAttribute\":\"id\",\"type\":\"textbox\",\"fav_id\":0,\"def_id\":0,\"label\":\"Nombre\",\"label_pos\":\"above\",\"default_value\":\"\",\"mask\":\"\",\"datepicker\":0,\"first_name\":\"\",\"last_name\":\"\",\"from_name\":0,\"user_address_1\":\"\",\"user_address_2\":\"\",\"user_city\":\"\",\"user_zip\":\"\",\"user_phone\":\"\",\"user_email\":\"\",\"user_info_field_group\":\"\",\"show_help\":0,\"help_text\":\"\",\"show_desc\":0,\"desc_pos\":\"none\",\"desc_text\":\"\",\"calc_auto_include\":0,\"element_class\":\"\",\"required\":1,\"default\":\"\",\"key\":\"nombre_1700998914343\",\"placeholder\":\"\",\"container_class\":\"\",\"input_limit\":\"\",\"input_limit_type\":\"characters\",\"input_limit_msg\":\"Caracteres restantes\",\"manual_key\":false,\"admin_label\":\"\",\"custom_mask\":\"\",\"custom_name_attribute\":\"\",\"personally_identifiable\":\"\",\"value\":\"\",\"drawerDisabled\":false,\"id\":2,\"beforeField\":\"\",\"afterField\":\"\",\"parentType\":\"textbox\",\"element_templates\":[\"textbox\",\"input\"],\"old_classname\":\"\",\"wrap_template\":\"wrap\"},{\"objectType\":\"Field\",\"objectDomain\":\"fields\",\"editActive\":false,\"order\":2,\"idAttribute\":\"id\",\"label\":\"Correo electr\\u00f3nico\",\"type\":\"email\",\"key\":\"email_1578070504417\",\"label_pos\":\"above\",\"required\":false,\"default\":\"\",\"placeholder\":\"\",\"container_class\":\"\",\"element_class\":\"\",\"admin_label\":\"\",\"help_text\":\"\",\"custom_name_attribute\":\"email\",\"personally_identifiable\":1,\"value\":\"\",\"id\":7,\"beforeField\":\"\",\"afterField\":\"\",\"parentType\":\"email\",\"element_templates\":[\"email\",\"input\"],\"old_classname\":\"\",\"wrap_template\":\"wrap\"},{\"objectType\":\"Field\",\"objectDomain\":\"fields\",\"editActive\":false,\"order\":3,\"idAttribute\":\"id\",\"type\":\"textarea\",\"fav_id\":0,\"def_id\":0,\"label\":\"Mensaje\",\"label_pos\":\"above\",\"default_value\":\"\",\"textarea_rte\":0,\"textarea_media\":0,\"disable_rte_mobile\":0,\"show_help\":0,\"help_text\":\"\",\"show_desc\":0,\"desc_pos\":\"none\",\"desc_text\":\"\",\"calc_auto_include\":0,\"element_class\":\"\",\"required\":1,\"default\":\"\",\"key\":\"mensaje_1700998925319\",\"placeholder\":\"\",\"container_class\":\"\",\"input_limit\":\"\",\"input_limit_type\":\"characters\",\"input_limit_msg\":\"Caracteres restantes\",\"manual_key\":false,\"admin_label\":\"\",\"value\":\"\",\"drawerDisabled\":false,\"id\":4,\"beforeField\":\"\",\"afterField\":\"\",\"parentType\":\"textarea\",\"element_templates\":[\"textarea\",\"input\"],\"old_classname\":\"\",\"wrap_template\":\"wrap\"},{\"objectType\":\"Field\",\"objectDomain\":\"fields\",\"editActive\":false,\"order\":4,\"idAttribute\":\"id\",\"type\":\"submit\",\"fav_id\":0,\"def_id\":0,\"label\":\"Envia\",\"show_help\":0,\"help_text\":\"\",\"show_desc\":0,\"desc_pos\":\"none\",\"desc_text\":\"\",\"processing_label\":\"Enviando\",\"element_class\":\"\",\"key\":\"envia_1578070155580\",\"container_class\":\"\",\"drawerDisabled\":false,\"id\":5,\"beforeField\":\"\",\"afterField\":\"\",\"value\":\"\",\"label_pos\":\"above\",\"parentType\":\"textbox\",\"element_templates\":[\"submit\",\"button\",\"input\"],\"old_classname\":\"\",\"wrap_template\":\"wrap-no-label\"}];nfForms.push(form);<\/script>\n        <\/div><\/div> <\/div><\/div> <\/div><\/div>","protected":false},"excerpt":{"rendered":"<p>&nbsp;ALMARIYA La culminaci\u00f3n perfecta a la gastronom\u00eda de Almer\u00eda Hace alg\u00fan tiempo pedimos a nuestros maestros licoreros que elaboraran un licor que fuera la culminaci\u00f3n perfecta a la gastronom\u00eda de Almer\u00eda. Deja descubrirlo a tu paladar. CUANDO ALMER\u00cdA ERA ALMARIYYA Fundada en 955 d.C., Almer\u00eda se llamaba Al-Mariyyat Bayyana.&nbsp; Tom\u00f3 su nombre de una atalaya&hellip; <br \/> <a class=\"read-more\" href=\"https:\/\/almariya.com\/\">Leer m\u00e1s<\/a><\/p>\n","protected":false},"author":1,"featured_media":0,"parent":0,"menu_order":0,"comment_status":"closed","ping_status":"closed","template":"page-templates\/homepage.php","meta":{"footnotes":""},"class_list":["post-540","page","type-page","status-publish","hentry"],"_links":{"self":[{"href":"https:\/\/almariya.com\/index.php\/wp-json\/wp\/v2\/pages\/540","targetHints":{"allow":["GET"]}}],"collection":[{"href":"https:\/\/almariya.com\/index.php\/wp-json\/wp\/v2\/pages"}],"about":[{"href":"https:\/\/almariya.com\/index.php\/wp-json\/wp\/v2\/types\/page"}],"author":[{"embeddable":true,"href":"https:\/\/almariya.com\/index.php\/wp-json\/wp\/v2\/users\/1"}],"replies":[{"embeddable":true,"href":"https:\/\/almariya.com\/index.php\/wp-json\/wp\/v2\/comments?post=540"}],"version-history":[{"count":35,"href":"https:\/\/almariya.com\/index.php\/wp-json\/wp\/v2\/pages\/540\/revisions"}],"predecessor-version":[{"id":732,"href":"https:\/\/almariya.com\/index.php\/wp-json\/wp\/v2\/pages\/540\/revisions\/732"}],"wp:attachment":[{"href":"https:\/\/almariya.com\/index.php\/wp-json\/wp\/v2\/media?parent=540"}],"curies":[{"name":"wp","href":"https:\/\/api.w.org\/{rel}","templated":true}]}}